{"id":17,"date":"2024-07-02T16:23:12","date_gmt":"2024-07-02T16:23:12","guid":{"rendered":"https:\/\/bigbear.cl\/?page_id=17"},"modified":"2024-10-30T14:47:24","modified_gmt":"2024-10-30T14:47:24","slug":"servicios-perforacion-minera","status":"publish","type":"page","link":"https:\/\/bigbear.cl\/en\/servicios-perforacion-minera\/","title":{"rendered":"Services"},"content":{"rendered":"<div data-elementor-type=\"wp-page\" data-elementor-id=\"17\" class=\"elementor elementor-17\" data-elementor-post-type=\"page\">\n\t\t\t\t<div class=\"elementor-element elementor-element-5cddc99 e-flex e-con-boxed e-con e-parent\" data-id=\"5cddc99\" data-element_type=\"container\" data-settings=\"{&quot;background_background&quot;:&quot;classic&quot;}\">\n\t\t\t\t\t<div class=\"e-con-inner\">\n\t\t<div class=\"elementor-element elementor-element-f67878d e-flex e-con-boxed e-con e-child\" data-id=\"f67878d\" data-element_type=\"container\">\n\t\t\t\t\t<div class=\"e-con-inner\">\n\t\t\t\t<div class=\"elementor-element elementor-element-4d190fc elementor-widget elementor-widget-heading\" data-id=\"4d190fc\" data-element_type=\"widget\" data-widget_type=\"heading.default\">\n\t\t\t\t<div class=\"elementor-widget-container\">\n\t\t\t\t\t<h1 class=\"elementor-heading-title elementor-size-default\">Drilling Services<\/h1>\t\t\t\t<\/div>\n\t\t\t\t<\/div>\n\t\t\t\t<div class=\"elementor-element elementor-element-abacd4a elementor-widget__width-initial elementor-widget elementor-widget-text-editor\" data-id=\"abacd4a\" data-element_type=\"widget\" data-widget_type=\"text-editor.default\">\n\t\t\t\t<div class=\"elementor-widget-container\">\n\t\t\t\t\t\t\t\t\t<p>We use the best systems and methodologies to drill and extract each sample collection, in any type of rock and under any conditions.<\/p>\t\t\t\t\t\t\t\t<\/div>\n\t\t\t\t<\/div>\n\t\t\t\t<div class=\"elementor-element elementor-element-9e09c84 elementor-align-left elementor-widget elementor-widget-button\" data-id=\"9e09c84\" data-element_type=\"widget\" data-widget_type=\"button.default\">\n\t\t\t\t<div class=\"elementor-widget-container\">\n\t\t\t\t\t\t\t\t\t<div class=\"elementor-button-wrapper\">\n\t\t\t\t\t<a class=\"elementor-button elementor-button-link elementor-size-sm\" href=\"\/en\/contacto\/\">\n\t\t\t\t\t\t<span class=\"elementor-button-content-wrapper\">\n\t\t\t\t\t\t\t\t\t<span class=\"elementor-button-text\">Contact Us<\/span>\n\t\t\t\t\t<\/span>\n\t\t\t\t\t<\/a>\n\t\t\t\t<\/div>\n\t\t\t\t\t\t\t\t<\/div>\n\t\t\t\t<\/div>\n\t\t\t\t\t<\/div>\n\t\t\t\t<\/div>\n\t\t\t\t<div class=\"elementor-element elementor-element-802914a elementor-absolute elementor-widget-divider--view-line elementor-widget elementor-widget-divider\" data-id=\"802914a\" data-element_type=\"widget\" data-settings=\"{&quot;_position&quot;:&quot;absolute&quot;}\" data-widget_type=\"divider.default\">\n\t\t\t\t<div class=\"elementor-widget-container\">\n\t\t\t\t\t\t\t<div class=\"elementor-divider\">\n\t\t\t<span class=\"elementor-divider-separator\">\n\t\t\t\t\t\t<\/span>\n\t\t<\/div>\n\t\t\t\t\t\t<\/div>\n\t\t\t\t<\/div>\n\t\t\t\t\t<\/div>\n\t\t\t\t<\/div>\n\t\t<div class=\"elementor-element elementor-element-7a46e2e e-con-full e-flex e-con e-parent\" data-id=\"7a46e2e\" data-element_type=\"container\" data-settings=\"{&quot;background_background&quot;:&quot;gradient&quot;}\">\n\t\t<div class=\"elementor-element elementor-element-b028d33 e-con-full e-flex e-con e-child\" data-id=\"b028d33\" data-element_type=\"container\">\n\t\t<div class=\"elementor-element elementor-element-a7b3e94 e-con-full e-flex e-con e-child\" data-id=\"a7b3e94\" data-element_type=\"container\" data-settings=\"{&quot;background_background&quot;:&quot;classic&quot;}\">\n\t\t<div class=\"elementor-element elementor-element-850ffa6 e-flex e-con-boxed e-con e-child\" data-id=\"850ffa6\" data-element_type=\"container\">\n\t\t\t\t\t<div class=\"e-con-inner\">\n\t\t\t\t<div class=\"elementor-element elementor-element-4f3442d elementor-widget elementor-widget-image\" data-id=\"4f3442d\" data-element_type=\"widget\" data-widget_type=\"image.default\">\n\t\t\t\t<div class=\"elementor-widget-container\">\n\t\t\t\t\t\t\t\t\t\t\t\t\t\t\t<img fetchpriority=\"high\" decoding=\"async\" width=\"730\" height=\"625\" src=\"https:\/\/bigbear.cl\/wp-content\/uploads\/2024\/07\/EXPERIENCIA-BIGBEAR-DRILLING.jpg\" class=\"attachment-full size-full wp-image-614\" alt=\"empresa de perforaci\u00f3n en salares chile\" srcset=\"https:\/\/bigbear.cl\/wp-content\/uploads\/2024\/07\/EXPERIENCIA-BIGBEAR-DRILLING.jpg 730w, https:\/\/bigbear.cl\/wp-content\/uploads\/2024\/07\/EXPERIENCIA-BIGBEAR-DRILLING-300x257.jpg 300w\" sizes=\"(max-width: 730px) 100vw, 730px\" \/>\t\t\t\t\t\t\t\t\t\t\t\t\t\t\t<\/div>\n\t\t\t\t<\/div>\n\t\t\t\t\t<\/div>\n\t\t\t\t<\/div>\n\t\t<div class=\"elementor-element elementor-element-3f537de e-flex e-con-boxed e-con e-child\" data-id=\"3f537de\" data-element_type=\"container\" data-settings=\"{&quot;background_background&quot;:&quot;classic&quot;}\">\n\t\t\t\t\t<div class=\"e-con-inner\">\n\t\t\t\t<div class=\"elementor-element elementor-element-f78e8b0 elementor-widget elementor-widget-heading\" data-id=\"f78e8b0\" data-element_type=\"widget\" data-widget_type=\"heading.default\">\n\t\t\t\t<div class=\"elementor-widget-container\">\n\t\t\t\t\t<h2 class=\"elementor-heading-title elementor-size-default translation-block\">Exploration <br> of Base Metals<\/h2>\t\t\t\t<\/div>\n\t\t\t\t<\/div>\n\t\t\t\t<div class=\"elementor-element elementor-element-c882420 elementor-absolute elementor-widget-divider--view-line elementor-widget elementor-widget-divider\" data-id=\"c882420\" data-element_type=\"widget\" data-settings=\"{&quot;_position&quot;:&quot;absolute&quot;}\" data-widget_type=\"divider.default\">\n\t\t\t\t<div class=\"elementor-widget-container\">\n\t\t\t\t\t\t\t<div class=\"elementor-divider\">\n\t\t\t<span class=\"elementor-divider-separator\">\n\t\t\t\t\t\t<\/span>\n\t\t<\/div>\n\t\t\t\t\t\t<\/div>\n\t\t\t\t<\/div>\n\t\t\t\t<div class=\"elementor-element elementor-element-7c136c8 elementor-widget__width-initial elementor-widget elementor-widget-text-editor\" data-id=\"7c136c8\" data-element_type=\"widget\" data-widget_type=\"text-editor.default\">\n\t\t\t\t<div class=\"elementor-widget-container\">\n\t\t\t\t\t\t\t\t\t<p>Diamond drilling with core extraction, in various operations, including high-altitude areas (above 4,000 meters above sea level), for exploration projects and mining companies.<\/p>\t\t\t\t\t\t\t\t<\/div>\n\t\t\t\t<\/div>\n\t\t\t\t\t<\/div>\n\t\t\t\t<\/div>\n\t\t\t\t<\/div>\n\t\t\t\t<\/div>\n\t\t\t\t<div class=\"elementor-element elementor-element-47ddab3 elementor-hidden-mobile elementor-widget elementor-widget-spacer\" data-id=\"47ddab3\" data-element_type=\"widget\" data-widget_type=\"spacer.default\">\n\t\t\t\t<div class=\"elementor-widget-container\">\n\t\t\t\t\t\t\t<div class=\"elementor-spacer\">\n\t\t\t<div class=\"elementor-spacer-inner\"><\/div>\n\t\t<\/div>\n\t\t\t\t\t\t<\/div>\n\t\t\t\t<\/div>\n\t\t<div class=\"elementor-element elementor-element-4756b69 e-con-full e-flex e-con e-child\" data-id=\"4756b69\" data-element_type=\"container\">\n\t\t<div class=\"elementor-element elementor-element-afb2f13 e-con-full e-flex e-con e-child\" data-id=\"afb2f13\" data-element_type=\"container\" data-settings=\"{&quot;background_background&quot;:&quot;classic&quot;}\">\n\t\t<div class=\"elementor-element elementor-element-0f0ec5d e-flex e-con-boxed e-con e-child\" data-id=\"0f0ec5d\" data-element_type=\"container\" data-settings=\"{&quot;background_background&quot;:&quot;classic&quot;}\">\n\t\t\t\t\t<div class=\"e-con-inner\">\n\t\t\t\t<div class=\"elementor-element elementor-element-1065da4 elementor-widget elementor-widget-heading\" data-id=\"1065da4\" data-element_type=\"widget\" data-widget_type=\"heading.default\">\n\t\t\t\t<div class=\"elementor-widget-container\">\n\t\t\t\t\t<h2 class=\"elementor-heading-title elementor-size-default translation-block\">Drilling <br>in Salt Flats<\/h2>\t\t\t\t<\/div>\n\t\t\t\t<\/div>\n\t\t\t\t<div class=\"elementor-element elementor-element-398e714 elementor-absolute elementor-widget-divider--view-line elementor-widget elementor-widget-divider\" data-id=\"398e714\" data-element_type=\"widget\" data-settings=\"{&quot;_position&quot;:&quot;absolute&quot;}\" data-widget_type=\"divider.default\">\n\t\t\t\t<div class=\"elementor-widget-container\">\n\t\t\t\t\t\t\t<div class=\"elementor-divider\">\n\t\t\t<span class=\"elementor-divider-separator\">\n\t\t\t\t\t\t<\/span>\n\t\t<\/div>\n\t\t\t\t\t\t<\/div>\n\t\t\t\t<\/div>\n\t\t\t\t<div class=\"elementor-element elementor-element-3c8a6f0 elementor-widget__width-initial elementor-widget elementor-widget-text-editor\" data-id=\"3c8a6f0\" data-element_type=\"widget\" data-widget_type=\"text-editor.default\">\n\t\t\t\t<div class=\"elementor-widget-container\">\n\t\t\t\t\t\t\t\t\t<p>We have everything needed for drilling in salt flats with core extraction (PQ3, HQ3, and NQ3) and brine sample extraction. We use pneumatic, hydraulic, or mechanical packers to isolate the area of interest, along with airlift systems or bailer extractors to collect brine samples at depths of over 600 meters.<\/p>\t\t\t\t\t\t\t\t<\/div>\n\t\t\t\t<\/div>\n\t\t\t\t\t<\/div>\n\t\t\t\t<\/div>\n\t\t<div class=\"elementor-element elementor-element-d86dd26 e-con-full e-flex e-con e-child\" data-id=\"d86dd26\" data-element_type=\"container\">\n\t\t\t\t<div class=\"elementor-element elementor-element-39423a9 elementor-widget elementor-widget-image\" data-id=\"39423a9\" data-element_type=\"widget\" data-widget_type=\"image.default\">\n\t\t\t\t<div class=\"elementor-widget-container\">\n\t\t\t\t\t\t\t\t\t\t\t\t\t\t\t<img fetchpriority=\"high\" decoding=\"async\" width=\"730\" height=\"625\" src=\"https:\/\/bigbear.cl\/wp-content\/uploads\/2024\/07\/EXPERIENCIA-BIGBEAR-DRILLING.jpg\" class=\"attachment-full size-full wp-image-614\" alt=\"empresa de perforaci\u00f3n en salares chile\" srcset=\"https:\/\/bigbear.cl\/wp-content\/uploads\/2024\/07\/EXPERIENCIA-BIGBEAR-DRILLING.jpg 730w, https:\/\/bigbear.cl\/wp-content\/uploads\/2024\/07\/EXPERIENCIA-BIGBEAR-DRILLING-300x257.jpg 300w\" sizes=\"(max-width: 730px) 100vw, 730px\" \/>\t\t\t\t\t\t\t\t\t\t\t\t\t\t\t<\/div>\n\t\t\t\t<\/div>\n\t\t\t\t<\/div>\n\t\t\t\t<\/div>\n\t\t\t\t<\/div>\n\t\t\t\t<\/div>\n\t\t\t\t<\/div>","protected":false},"excerpt":{"rendered":"<p>Servicios de perforaci\u00f3n Usamos los mejores sistemas y metodolog\u00edas para perforar y extraer cada colecci\u00f3n de muestras, en cualquier tipo de roca y condiciones. Cont\u00e1ctanos Exploraciones\u2028de metales b\u00e1sicos Perforaci\u00f3n de sondajes diamantinos con extracci\u00f3n de testigos, en diversas faenas, incluyendo zonas de gran altura geogr\u00e1fica (sobre 4.000 msnm), para proyectos de Exploraciones y en Cia. [&hellip;]<\/p>","protected":false},"author":1,"featured_media":0,"parent":0,"menu_order":0,"comment_status":"closed","ping_status":"closed","template":"","meta":{"footnotes":""},"class_list":["post-17","page","type-page","status-publish","hentry"],"yoast_head":"<!-- This site is optimized with the Yoast SEO plugin v25.4 - https:\/\/yoast.com\/wordpress\/plugins\/seo\/ -->\n<title>Servicios de perforaci\u00f3n minera | Big Bear Drilling<\/title>\n<meta name=\"description\" content=\"Nos dedicamos a proyectos mineros con una amplia gama de servicios en Exploraciones\u2028de metales b\u00e1sicos y Perforaci\u00f3n en Salares usando las mejores tecnolog\u00edas.\" \/>\n<meta name=\"robots\" content=\"index, follow, max-snippet:-1, max-image-preview:large, max-video-preview:-1\" \/>\n<link rel=\"canonical\" href=\"https:\/\/bigbear.cl\/en\/servicios-perforacion-minera\/\" \/>\n<meta property=\"og:locale\" content=\"en_US\" \/>\n<meta property=\"og:type\" content=\"article\" \/>\n<meta property=\"og:title\" content=\"Servicios de perforaci\u00f3n minera | Big Bear Drilling\" \/>\n<meta property=\"og:description\" content=\"Nos dedicamos a proyectos mineros con una amplia gama de servicios en Exploraciones\u2028de metales b\u00e1sicos y Perforaci\u00f3n en Salares usando las mejores tecnolog\u00edas.\" \/>\n<meta property=\"og:url\" content=\"https:\/\/bigbear.cl\/en\/servicios-perforacion-minera\/\" \/>\n<meta property=\"og:site_name\" content=\"Big Bear Drilling\" \/>\n<meta property=\"article:modified_time\" content=\"2024-10-30T14:47:24+00:00\" \/>\n<meta property=\"og:image\" content=\"https:\/\/bigbear.cl\/wp-content\/uploads\/2024\/07\/EXPERIENCIA-BIGBEAR-DRILLING.jpg\" \/>\n<meta name=\"twitter:card\" content=\"summary_large_image\" \/>\n<meta name=\"twitter:label1\" content=\"Est. reading time\" \/>\n\t<meta name=\"twitter:data1\" content=\"1 minute\" \/>\n<script type=\"application\/ld+json\" class=\"yoast-schema-graph\">{\"@context\":\"https:\/\/schema.org\",\"@graph\":[{\"@type\":\"WebPage\",\"@id\":\"https:\/\/bigbear.cl\/servicios-perforacion-minera\/\",\"url\":\"https:\/\/bigbear.cl\/servicios-perforacion-minera\/\",\"name\":\"Servicios de perforaci\u00f3n minera | Big Bear Drilling\",\"isPartOf\":{\"@id\":\"https:\/\/bigbear.cl\/#website\"},\"primaryImageOfPage\":{\"@id\":\"https:\/\/bigbear.cl\/servicios-perforacion-minera\/#primaryimage\"},\"image\":{\"@id\":\"https:\/\/bigbear.cl\/servicios-perforacion-minera\/#primaryimage\"},\"thumbnailUrl\":\"https:\/\/bigbear.cl\/wp-content\/uploads\/2024\/07\/EXPERIENCIA-BIGBEAR-DRILLING.jpg\",\"datePublished\":\"2024-07-02T16:23:12+00:00\",\"dateModified\":\"2024-10-30T14:47:24+00:00\",\"description\":\"Nos dedicamos a proyectos mineros con una amplia gama de servicios en Exploraciones\\u2028de metales b\u00e1sicos y Perforaci\u00f3n en Salares usando las mejores tecnolog\u00edas.\",\"breadcrumb\":{\"@id\":\"https:\/\/bigbear.cl\/servicios-perforacion-minera\/#breadcrumb\"},\"inLanguage\":\"en-US\",\"potentialAction\":[{\"@type\":\"ReadAction\",\"target\":[\"https:\/\/bigbear.cl\/servicios-perforacion-minera\/\"]}]},{\"@type\":\"ImageObject\",\"inLanguage\":\"en-US\",\"@id\":\"https:\/\/bigbear.cl\/servicios-perforacion-minera\/#primaryimage\",\"url\":\"https:\/\/bigbear.cl\/wp-content\/uploads\/2024\/07\/EXPERIENCIA-BIGBEAR-DRILLING.jpg\",\"contentUrl\":\"https:\/\/bigbear.cl\/wp-content\/uploads\/2024\/07\/EXPERIENCIA-BIGBEAR-DRILLING.jpg\"},{\"@type\":\"BreadcrumbList\",\"@id\":\"https:\/\/bigbear.cl\/servicios-perforacion-minera\/#breadcrumb\",\"itemListElement\":[{\"@type\":\"ListItem\",\"position\":1,\"name\":\"Portada\",\"item\":\"https:\/\/bigbear.cl\/\"},{\"@type\":\"ListItem\",\"position\":2,\"name\":\"Servicios\"}]},{\"@type\":\"WebSite\",\"@id\":\"https:\/\/bigbear.cl\/#website\",\"url\":\"https:\/\/bigbear.cl\/\",\"name\":\"Big Bear Drilling\",\"description\":\"Expertos en perforaci\u00f3n diamantina\",\"publisher\":{\"@id\":\"https:\/\/bigbear.cl\/#organization\"},\"potentialAction\":[{\"@type\":\"SearchAction\",\"target\":{\"@type\":\"EntryPoint\",\"urlTemplate\":\"https:\/\/bigbear.cl\/?s={search_term_string}\"},\"query-input\":{\"@type\":\"PropertyValueSpecification\",\"valueRequired\":true,\"valueName\":\"search_term_string\"}}],\"inLanguage\":\"en-US\"},{\"@type\":\"Organization\",\"@id\":\"https:\/\/bigbear.cl\/#organization\",\"name\":\"Big Bear Drilling\",\"url\":\"https:\/\/bigbear.cl\/\",\"logo\":{\"@type\":\"ImageObject\",\"inLanguage\":\"en-US\",\"@id\":\"https:\/\/bigbear.cl\/#\/schema\/logo\/image\/\",\"url\":\"https:\/\/bigbear.cl\/wp-content\/uploads\/2024\/07\/big-bear-drilling-logo.png\",\"contentUrl\":\"https:\/\/bigbear.cl\/wp-content\/uploads\/2024\/07\/big-bear-drilling-logo.png\",\"width\":203,\"height\":70,\"caption\":\"Big Bear Drilling\"},\"image\":{\"@id\":\"https:\/\/bigbear.cl\/#\/schema\/logo\/image\/\"}}]}<\/script>\n<!-- \/ Yoast SEO plugin. -->","yoast_head_json":{"title":"Servicios de perforaci\u00f3n minera | Big Bear Drilling","description":"Nos dedicamos a proyectos mineros con una amplia gama de servicios en Exploraciones\u2028de metales b\u00e1sicos y Perforaci\u00f3n en Salares usando las mejores tecnolog\u00edas.","robots":{"index":"index","follow":"follow","max-snippet":"max-snippet:-1","max-image-preview":"max-image-preview:large","max-video-preview":"max-video-preview:-1"},"canonical":"https:\/\/bigbear.cl\/en\/servicios-perforacion-minera\/","og_locale":"en_US","og_type":"article","og_title":"Servicios de perforaci\u00f3n minera | Big Bear Drilling","og_description":"Nos dedicamos a proyectos mineros con una amplia gama de servicios en Exploraciones\u2028de metales b\u00e1sicos y Perforaci\u00f3n en Salares usando las mejores tecnolog\u00edas.","og_url":"https:\/\/bigbear.cl\/en\/servicios-perforacion-minera\/","og_site_name":"Big Bear Drilling","article_modified_time":"2024-10-30T14:47:24+00:00","og_image":[{"url":"https:\/\/bigbear.cl\/wp-content\/uploads\/2024\/07\/EXPERIENCIA-BIGBEAR-DRILLING.jpg","type":"","width":"","height":""}],"twitter_card":"summary_large_image","twitter_misc":{"Est. reading time":"1 minute"},"schema":{"@context":"https:\/\/schema.org","@graph":[{"@type":"WebPage","@id":"https:\/\/bigbear.cl\/servicios-perforacion-minera\/","url":"https:\/\/bigbear.cl\/servicios-perforacion-minera\/","name":"Servicios de perforaci\u00f3n minera | Big Bear Drilling","isPartOf":{"@id":"https:\/\/bigbear.cl\/#website"},"primaryImageOfPage":{"@id":"https:\/\/bigbear.cl\/servicios-perforacion-minera\/#primaryimage"},"image":{"@id":"https:\/\/bigbear.cl\/servicios-perforacion-minera\/#primaryimage"},"thumbnailUrl":"https:\/\/bigbear.cl\/wp-content\/uploads\/2024\/07\/EXPERIENCIA-BIGBEAR-DRILLING.jpg","datePublished":"2024-07-02T16:23:12+00:00","dateModified":"2024-10-30T14:47:24+00:00","description":"Nos dedicamos a proyectos mineros con una amplia gama de servicios en Exploraciones\u2028de metales b\u00e1sicos y Perforaci\u00f3n en Salares usando las mejores tecnolog\u00edas.","breadcrumb":{"@id":"https:\/\/bigbear.cl\/servicios-perforacion-minera\/#breadcrumb"},"inLanguage":"en-US","potentialAction":[{"@type":"ReadAction","target":["https:\/\/bigbear.cl\/servicios-perforacion-minera\/"]}]},{"@type":"ImageObject","inLanguage":"en-US","@id":"https:\/\/bigbear.cl\/servicios-perforacion-minera\/#primaryimage","url":"https:\/\/bigbear.cl\/wp-content\/uploads\/2024\/07\/EXPERIENCIA-BIGBEAR-DRILLING.jpg","contentUrl":"https:\/\/bigbear.cl\/wp-content\/uploads\/2024\/07\/EXPERIENCIA-BIGBEAR-DRILLING.jpg"},{"@type":"BreadcrumbList","@id":"https:\/\/bigbear.cl\/servicios-perforacion-minera\/#breadcrumb","itemListElement":[{"@type":"ListItem","position":1,"name":"Portada","item":"https:\/\/bigbear.cl\/"},{"@type":"ListItem","position":2,"name":"Servicios"}]},{"@type":"WebSite","@id":"https:\/\/bigbear.cl\/#website","url":"https:\/\/bigbear.cl\/","name":"Big Bear Drilling","description":"Expertos en perforaci\u00f3n diamantina","publisher":{"@id":"https:\/\/bigbear.cl\/#organization"},"potentialAction":[{"@type":"SearchAction","target":{"@type":"EntryPoint","urlTemplate":"https:\/\/bigbear.cl\/?s={search_term_string}"},"query-input":{"@type":"PropertyValueSpecification","valueRequired":true,"valueName":"search_term_string"}}],"inLanguage":"en-US"},{"@type":"Organization","@id":"https:\/\/bigbear.cl\/#organization","name":"Big Bear Drilling","url":"https:\/\/bigbear.cl\/","logo":{"@type":"ImageObject","inLanguage":"en-US","@id":"https:\/\/bigbear.cl\/#\/schema\/logo\/image\/","url":"https:\/\/bigbear.cl\/wp-content\/uploads\/2024\/07\/big-bear-drilling-logo.png","contentUrl":"https:\/\/bigbear.cl\/wp-content\/uploads\/2024\/07\/big-bear-drilling-logo.png","width":203,"height":70,"caption":"Big Bear Drilling"},"image":{"@id":"https:\/\/bigbear.cl\/#\/schema\/logo\/image\/"}}]}},"_links":{"self":[{"href":"https:\/\/bigbear.cl\/en\/wp-json\/wp\/v2\/pages\/17","targetHints":{"allow":["GET"]}}],"collection":[{"href":"https:\/\/bigbear.cl\/en\/wp-json\/wp\/v2\/pages"}],"about":[{"href":"https:\/\/bigbear.cl\/en\/wp-json\/wp\/v2\/types\/page"}],"author":[{"embeddable":true,"href":"https:\/\/bigbear.cl\/en\/wp-json\/wp\/v2\/users\/1"}],"replies":[{"embeddable":true,"href":"https:\/\/bigbear.cl\/en\/wp-json\/wp\/v2\/comments?post=17"}],"version-history":[{"count":152,"href":"https:\/\/bigbear.cl\/en\/wp-json\/wp\/v2\/pages\/17\/revisions"}],"predecessor-version":[{"id":1741,"href":"https:\/\/bigbear.cl\/en\/wp-json\/wp\/v2\/pages\/17\/revisions\/1741"}],"wp:attachment":[{"href":"https:\/\/bigbear.cl\/en\/wp-json\/wp\/v2\/media?parent=17"}],"curies":[{"name":"wp","href":"https:\/\/api.w.org\/{rel}","templated":true}]}}